{"id":469,"date":"2024-02-26T06:43:02","date_gmt":"2024-02-26T06:43:02","guid":{"rendered":"https:\/\/asterionglobal.com\/?post_type=product&#038;p=469"},"modified":"2024-12-10T05:31:55","modified_gmt":"2024-12-10T05:31:55","slug":"asterion-guderi-yat-temizlik-bezi","status":"publish","type":"product","link":"https:\/\/asterionglobal.com\/?product=asterion-guderi-yat-temizlik-bezi","title":{"rendered":"Asterion G\u00fcderi Yat Temizlik Bezi"},"content":{"rendered":"","protected":false},"excerpt":{"rendered":"<p>&#8220;Asterion G\u00fcderi Yat Temizlik Bezi &#8211; Yat\u0131n\u0131z\u0131n bak\u0131m\u0131n\u0131 kolayla\u015ft\u0131ran m\u00fckemmel bir temizlik \u00e7\u00f6z\u00fcm\u00fc!&#8221;<\/p>\n","protected":false},"featured_media":470,"comment_status":"open","ping_status":"closed","template":"","meta":[],"product_brand":[],"product_cat":[56,19],"product_tag":[26,57,58],"class_list":{"0":"post-469","1":"product","2":"type-product","3":"status-publish","4":"has-post-thumbnail","6":"product_cat-otobezi","7":"product_cat-uncategorized","8":"product_tag-cok-amacli-urunler","9":"product_tag-oto-bezi","10":"product_tag-yat-bezi","12":"first","13":"instock","14":"taxable","15":"shipping-taxable","16":"purchasable","17":"product-type-variable","18":"has-default-attributes"},"_links":{"self":[{"href":"https:\/\/asterionglobal.com\/index.php?rest_route=\/wp\/v2\/product\/469","targetHints":{"allow":["GET"]}}],"collection":[{"href":"https:\/\/asterionglobal.com\/index.php?rest_route=\/wp\/v2\/product"}],"about":[{"href":"https:\/\/asterionglobal.com\/index.php?rest_route=\/wp\/v2\/types\/product"}],"replies":[{"embeddable":true,"href":"https:\/\/asterionglobal.com\/index.php?rest_route=%2Fwp%2Fv2%2Fcomments&post=469"}],"wp:featuredmedia":[{"embeddable":true,"href":"https:\/\/asterionglobal.com\/index.php?rest_route=\/wp\/v2\/media\/470"}],"wp:attachment":[{"href":"https:\/\/asterionglobal.com\/index.php?rest_route=%2Fwp%2Fv2%2Fmedia&parent=469"}],"wp:term":[{"taxonomy":"product_brand","embeddable":true,"href":"https:\/\/asterionglobal.com\/index.php?rest_route=%2Fwp%2Fv2%2Fproduct_brand&post=469"},{"taxonomy":"product_cat","embeddable":true,"href":"https:\/\/asterionglobal.com\/index.php?rest_route=%2Fwp%2Fv2%2Fproduct_cat&post=469"},{"taxonomy":"product_tag","embeddable":true,"href":"https:\/\/asterionglobal.com\/index.php?rest_route=%2Fwp%2Fv2%2Fproduct_tag&post=469"}],"curies":[{"name":"wp","href":"https:\/\/api.w.org\/{rel}","templated":true}]}}