{"id":432,"date":"2024-02-25T13:23:05","date_gmt":"2024-02-25T13:23:05","guid":{"rendered":"https:\/\/asterionglobal.com\/?post_type=product&#038;p=432"},"modified":"2024-12-10T05:36:33","modified_gmt":"2024-12-10T05:36:33","slug":"asterion-luks-guderi-bezi","status":"publish","type":"product","link":"https:\/\/asterionglobal.com\/?product=asterion-luks-guderi-bezi","title":{"rendered":"Asterion L\u00fcks G\u00fcderi Bezi"},"content":{"rendered":"<p>&#8220;Asterion L\u00fcks G\u00fcderi Bezi&#8221;, ev ve i\u015fyerlerinde genel temizlik i\u00e7in m\u00fckemmel bir \u00e7\u00f6z\u00fcmd\u00fcr. G\u00fcderi kuma\u015ftan \u00fcretilmi\u015f olan bu bez, etkili ve dayan\u0131kl\u0131 yap\u0131s\u0131yla \u00f6ne \u00e7\u0131kar ve \u00e7e\u015fitli y\u00fczeylerde kullan\u0131m i\u00e7in uygundur.<br \/>\u00d6zellikle g\u00fcderi kuma\u015f\u0131n \u00f6zellikleri, Asterion L\u00fcks G\u00fcderi Bezi&#8217;ni di\u011fer temizlik bezlerinden ay\u0131r\u0131r. G\u00fcderi kuma\u015f, y\u00fcksek emicili\u011fi ve dayan\u0131kl\u0131l\u0131\u011f\u0131 ile bilinir. Bu \u00f6zellikleri sayesinde, y\u00fczeyleri nazik\u00e7e temizlerken tozu ve kirleri etkili bir \u015fekilde emer. Ayr\u0131ca, uzun s\u00fcreli kullan\u0131ma dayan\u0131kl\u0131d\u0131r ve tekrar tekrar y\u0131kanabilir.<br \/>Asterion L\u00fcks G\u00fcderi Bezi, evdeki mobilyalar, tezgahlar, zeminler, camlar gibi bir\u00e7ok farkl\u0131 y\u00fczeyde kullan\u0131labilir. Ayr\u0131ca, ofislerde, restoranlarda ve di\u011fer ticari alanlarda da genel temizlik i\u015fleri i\u00e7in idealdir. Esnek ve hafif yap\u0131s\u0131yla kolayca manevra yap\u0131labilir ve temizlik i\u015flemlerini daha verimli hale getirir.<br \/>Bu bez, temizlik rutininizi kolayla\u015ft\u0131rmak ve daha etkili hale getirmek i\u00e7in m\u00fckemmel bir se\u00e7enektir. Y\u00fcksek kaliteli malzeme ve dayan\u0131kl\u0131 yap\u0131s\u0131yla Asterion L\u00fcks G\u00fcderi Bezi, temizlik i\u015flerinizi daha verimli bir \u015fekilde tamamlaman\u0131za yard\u0131mc\u0131 olur.<\/p>\n","protected":false},"excerpt":{"rendered":"<p>&#8220;Asterion L\u00fcks G\u00fcderi Bezi &#8211; Kaliteli temizlik i\u00e7in ideal! G\u00fcderi kuma\u015ftan \u00fcretilmi\u015f, etkili ve dayan\u0131kl\u0131 temizlik bezi.&#8221;<\/p>\n","protected":false},"featured_media":434,"comment_status":"open","ping_status":"closed","template":"","meta":[],"product_brand":[],"product_cat":[52,19],"product_tag":[45,53],"class_list":{"0":"post-432","1":"product","2":"type-product","3":"status-publish","4":"has-post-thumbnail","6":"product_cat-guderi-bezi","7":"product_cat-uncategorized","8":"product_tag-genel-amacli-temizlik-bezi","9":"product_tag-guderi","11":"first","12":"instock","13":"taxable","14":"shipping-taxable","15":"purchasable","16":"product-type-variable","17":"has-default-attributes"},"_links":{"self":[{"href":"https:\/\/asterionglobal.com\/index.php?rest_route=\/wp\/v2\/product\/432","targetHints":{"allow":["GET"]}}],"collection":[{"href":"https:\/\/asterionglobal.com\/index.php?rest_route=\/wp\/v2\/product"}],"about":[{"href":"https:\/\/asterionglobal.com\/index.php?rest_route=\/wp\/v2\/types\/product"}],"replies":[{"embeddable":true,"href":"https:\/\/asterionglobal.com\/index.php?rest_route=%2Fwp%2Fv2%2Fcomments&post=432"}],"wp:featuredmedia":[{"embeddable":true,"href":"https:\/\/asterionglobal.com\/index.php?rest_route=\/wp\/v2\/media\/434"}],"wp:attachment":[{"href":"https:\/\/asterionglobal.com\/index.php?rest_route=%2Fwp%2Fv2%2Fmedia&parent=432"}],"wp:term":[{"taxonomy":"product_brand","embeddable":true,"href":"https:\/\/asterionglobal.com\/index.php?rest_route=%2Fwp%2Fv2%2Fproduct_brand&post=432"},{"taxonomy":"product_cat","embeddable":true,"href":"https:\/\/asterionglobal.com\/index.php?rest_route=%2Fwp%2Fv2%2Fproduct_cat&post=432"},{"taxonomy":"product_tag","embeddable":true,"href":"https:\/\/asterionglobal.com\/index.php?rest_route=%2Fwp%2Fv2%2Fproduct_tag&post=432"}],"curies":[{"name":"wp","href":"https:\/\/api.w.org\/{rel}","templated":true}]}}