{"id":320,"date":"2024-02-24T10:55:48","date_gmt":"2024-02-24T10:55:48","guid":{"rendered":"https:\/\/asterionglobal.com\/?post_type=product&#038;p=320"},"modified":"2025-11-07T06:08:14","modified_gmt":"2025-11-07T06:08:14","slug":"asterion-mikrofilament-cam-bezi-premium-2li","status":"publish","type":"product","link":"https:\/\/asterionglobal.com\/?product=asterion-mikrofilament-cam-bezi-premium-2li","title":{"rendered":"Asterion Mikrofilament Cam Bezi Premium 2\u2019li"},"content":{"rendered":"<p>Y\u00fcksek Kaliteli Mikrofilament Kuma\u015f: Asterion Mikrofilament Cam Bezi, y\u00fcksek kaliteli mikrofilament kuma\u015ftan \u00fcretilmi\u015ftir. Bu \u00f6zel kuma\u015f, cam y\u00fczeylerdeki kirleri ve ya\u011flar\u0131 kolayca \u00e7\u00f6zer ve emer, b\u00f6ylece lekesiz bir temizlik sa\u011flar.<br \/>Lekesiz Temizlik: \u00dcr\u00fcn, cam y\u00fczeylerde lekesiz bir temizlik sa\u011flamak i\u00e7in \u00f6zel olarak tasarlanm\u0131\u015ft\u0131r. \u0130nat\u00e7\u0131 lekeleri ve parmak izlerini kolayca temizler ve camlar\u0131n\u0131z\u0131 kristal netli\u011finde parlat\u0131r.<br \/>\u00c7iziksiz Performans: Asterion Mikrofilament Cam Bezi, cam y\u00fczeylerde \u00e7izik olu\u015fturmayan \u00f6zel bir tasar\u0131ma sahiptir. Bu \u00f6zellik, camlar\u0131n\u0131z\u0131 g\u00fcvenle temizlemenizi ve koruman\u0131z\u0131 sa\u011flar.<br \/>\u00c7evre Dostu: \u00dcr\u00fcn, \u00e7evre dostu malzemelerden \u00fcretilmi\u015ftir. Bu sayede, hem cam y\u00fczeylerinizin hem de \u00e7evrenin korunmas\u0131na katk\u0131da bulunursunuz.<br \/>\u00c7e\u015fitli Kullan\u0131m Alanlar\u0131: Asterion Mikrofilament Cam Bezi, evde ve ofiste cam masalar, cam kap\u0131lar, pencere camlar\u0131 ve aynalar gibi bir\u00e7ok farkl\u0131 cam y\u00fczeyde kullan\u0131labilir.<br \/>Asterion Mikrofilament Cam Bezi Premium 2\u2019li, cam y\u00fczeylerinizde m\u00fckemmel sonu\u00e7lar elde etmek i\u00e7in ideal bir se\u00e7enektir. Y\u00fcksek kaliteli malzeme, lekesiz temizlik, \u00e7iziksiz performans ve \u00e7evre dostu \u00f6zellikleriyle, cam temizli\u011fini bir zevke d\u00f6n\u00fc\u015ft\u00fcr\u00fcr<\/p>\n","protected":false},"excerpt":{"rendered":"<p>Kristal netli\u011fi i\u00e7in ideal! Y\u00fcksek kaliteli mikrofilament kuma\u015ftan \u00fcretilmi\u015f, lekesiz ve parlat\u0131c\u0131 temizlik sa\u011flar. \u0130ki adet beziyle, cam y\u00fczeylerinizde m\u00fckemmel sonu\u00e7lar elde edin<\/p>\n","protected":false},"featured_media":321,"comment_status":"open","ping_status":"closed","template":"","meta":[],"product_brand":[],"product_cat":[30,19],"product_tag":[42,43,44],"class_list":{"0":"post-320","1":"product","2":"type-product","3":"status-publish","4":"has-post-thumbnail","6":"product_cat-ev-yasam-temizlik-bezleri","7":"product_cat-uncategorized","8":"product_tag-cam","9":"product_tag-cam-bezi","10":"product_tag-duz-yuzey-bezi","12":"first","13":"instock","14":"taxable","15":"shipping-taxable","16":"purchasable","17":"product-type-variable","18":"has-default-attributes"},"_links":{"self":[{"href":"https:\/\/asterionglobal.com\/index.php?rest_route=\/wp\/v2\/product\/320","targetHints":{"allow":["GET"]}}],"collection":[{"href":"https:\/\/asterionglobal.com\/index.php?rest_route=\/wp\/v2\/product"}],"about":[{"href":"https:\/\/asterionglobal.com\/index.php?rest_route=\/wp\/v2\/types\/product"}],"replies":[{"embeddable":true,"href":"https:\/\/asterionglobal.com\/index.php?rest_route=%2Fwp%2Fv2%2Fcomments&post=320"}],"wp:featuredmedia":[{"embeddable":true,"href":"https:\/\/asterionglobal.com\/index.php?rest_route=\/wp\/v2\/media\/321"}],"wp:attachment":[{"href":"https:\/\/asterionglobal.com\/index.php?rest_route=%2Fwp%2Fv2%2Fmedia&parent=320"}],"wp:term":[{"taxonomy":"product_brand","embeddable":true,"href":"https:\/\/asterionglobal.com\/index.php?rest_route=%2Fwp%2Fv2%2Fproduct_brand&post=320"},{"taxonomy":"product_cat","embeddable":true,"href":"https:\/\/asterionglobal.com\/index.php?rest_route=%2Fwp%2Fv2%2Fproduct_cat&post=320"},{"taxonomy":"product_tag","embeddable":true,"href":"https:\/\/asterionglobal.com\/index.php?rest_route=%2Fwp%2Fv2%2Fproduct_tag&post=320"}],"curies":[{"name":"wp","href":"https:\/\/api.w.org\/{rel}","templated":true}]}}