{"id":545,"date":"2024-02-27T08:46:11","date_gmt":"2024-02-27T08:46:11","guid":{"rendered":"https:\/\/asterionglobal.com\/?page_id=545"},"modified":"2024-03-04T05:49:39","modified_gmt":"2024-03-04T05:49:39","slug":"hakkimizda","status":"publish","type":"page","link":"https:\/\/asterionglobal.com\/?page_id=545","title":{"rendered":"Hakk\u0131m\u0131zda"},"content":{"rendered":"\t\t<div data-elementor-type=\"wp-page\" data-elementor-id=\"545\" class=\"elementor elementor-545\" data-elementor-post-type=\"page\">\n\t\t\t\t<div class=\"elementor-element elementor-element-ae32114 e-flex e-con-boxed e-con e-parent\" data-id=\"ae32114\" data-element_type=\"container\" data-e-type=\"container\" data-settings=\"{&quot;background_background&quot;:&quot;classic&quot;}\">\n\t\t\t\t\t<div class=\"e-con-inner\">\n\t\t\t\t<div class=\"elementor-element elementor-element-34a73b4 elementor-widget elementor-widget-heading\" data-id=\"34a73b4\" data-element_type=\"widget\" data-e-type=\"widget\" data-widget_type=\"heading.default\">\n\t\t\t\t<div class=\"elementor-widget-container\">\n\t\t\t\t\t<h2 class=\"elementor-heading-title elementor-size-default\">Hakk\u0131m\u0131zda<\/h2>\t\t\t\t<\/div>\n\t\t\t\t<\/div>\n\t\t\t\t<div class=\"elementor-element elementor-element-ca936fe elementor-widget elementor-widget-woocommerce-breadcrumb\" data-id=\"ca936fe\" data-element_type=\"widget\" data-e-type=\"widget\" data-widget_type=\"woocommerce-breadcrumb.default\">\n\t\t\t\t<div class=\"elementor-widget-container\">\n\t\t\t\t\t<nav class=\"woocommerce-breadcrumb\" aria-label=\"Breadcrumb\">Ana Sayfa<\/nav>\t\t\t\t<\/div>\n\t\t\t\t<\/div>\n\t\t\t\t\t<\/div>\n\t\t\t\t<\/div>\n\t\t<div class=\"elementor-element elementor-element-2574497 e-flex e-con-boxed e-con e-parent\" data-id=\"2574497\" data-element_type=\"container\" data-e-type=\"container\">\n\t\t\t\t\t<div class=\"e-con-inner\">\n\t\t\t\t<div class=\"elementor-element elementor-element-68747f5 elementor-widget elementor-widget-image\" data-id=\"68747f5\" data-element_type=\"widget\" data-e-type=\"widget\" data-widget_type=\"image.default\">\n\t\t\t\t<div class=\"elementor-widget-container\">\n\t\t\t\t\t\t\t\t\t\t\t\t\t\t\t<img decoding=\"async\" width=\"211\" height=\"215\" src=\"https:\/\/asterionglobal.com\/wp-content\/uploads\/2024\/02\/Mogul-8.png\" class=\"attachment-full size-full wp-image-555\" alt=\"\" \/>\t\t\t\t\t\t\t\t\t\t\t\t\t\t\t<\/div>\n\t\t\t\t<\/div>\n\t\t\t\t<div class=\"elementor-element elementor-element-aaa43a0 elementor-widget elementor-widget-image\" data-id=\"aaa43a0\" data-element_type=\"widget\" data-e-type=\"widget\" data-widget_type=\"image.default\">\n\t\t\t\t<div class=\"elementor-widget-container\">\n\t\t\t\t\t\t\t\t\t\t\t\t\t\t\t<img decoding=\"async\" width=\"211\" height=\"214\" src=\"https:\/\/asterionglobal.com\/wp-content\/uploads\/2024\/02\/Mogul-2-8.png\" class=\"attachment-full size-full wp-image-554\" alt=\"\" srcset=\"https:\/\/asterionglobal.com\/wp-content\/uploads\/2024\/02\/Mogul-2-8.png 211w, https:\/\/asterionglobal.com\/wp-content\/uploads\/2024\/02\/Mogul-2-8-100x100.png 100w\" sizes=\"(max-width: 211px) 100vw, 211px\" \/>\t\t\t\t\t\t\t\t\t\t\t\t\t\t\t<\/div>\n\t\t\t\t<\/div>\n\t\t\t\t\t<\/div>\n\t\t\t\t<\/div>\n\t\t<div class=\"elementor-element elementor-element-d11da3c e-flex e-con-boxed e-con e-parent\" data-id=\"d11da3c\" data-element_type=\"container\" data-e-type=\"container\">\n\t\t\t\t\t<div class=\"e-con-inner\">\n\t\t<div class=\"elementor-element elementor-element-c6b56af e-con-full e-flex e-con e-child\" data-id=\"c6b56af\" data-element_type=\"container\" data-e-type=\"container\" data-settings=\"{&quot;background_background&quot;:&quot;classic&quot;}\">\n\t\t\t\t<div class=\"elementor-element elementor-element-01bcce3 elementor-widget elementor-widget-spacer\" data-id=\"01bcce3\" data-element_type=\"widget\" data-e-type=\"widget\" data-widget_type=\"spacer.default\">\n\t\t\t\t<div class=\"elementor-widget-container\">\n\t\t\t\t\t\t\t<div class=\"elementor-spacer\">\n\t\t\t<div class=\"elementor-spacer-inner\"><\/div>\n\t\t<\/div>\n\t\t\t\t\t\t<\/div>\n\t\t\t\t<\/div>\n\t\t\t\t<\/div>\n\t\t<div class=\"elementor-element elementor-element-254eedb e-con-full e-flex e-con e-child\" data-id=\"254eedb\" data-element_type=\"container\" data-e-type=\"container\">\n\t\t\t\t<div class=\"elementor-element elementor-element-ccb92de elementor-widget elementor-widget-text-editor\" data-id=\"ccb92de\" data-element_type=\"widget\" data-e-type=\"widget\" data-widget_type=\"text-editor.default\">\n\t\t\t\t<div class=\"elementor-widget-container\">\n\t\t\t\t\t\t\t\t\t<p><strong>Asterion Global<\/strong>, yenilik\u00e7i \u00e7\u00f6z\u00fcmleriyle end\u00fcstrilerin s\u0131n\u0131rlar\u0131n\u0131 zorlayan, k\u00fcresel bir firma olma yolunda ilerlemektedir. Kurulu\u015fumuzdan bu yana, m\u00fc\u015fterilerimize ve topluluklar\u0131m\u0131za de\u011fer katmay\u0131 hedefleyerek, s\u00fcrd\u00fcr\u00fclebilir b\u00fcy\u00fcme ve teknolojik yenilik\u00e7ili\u011fi merkezimize ald\u0131k. \u00c7e\u015fitlili\u011fi, yenili\u011fi ve m\u00fckemmeliyeti temel de\u011ferler olarak benimseyerek, sekt\u00f6rler aras\u0131 deneyimimizle geni\u015f bir yelpazede hizmetler sunuyoruz.<\/p>\t\t\t\t\t\t\t\t<\/div>\n\t\t\t\t<\/div>\n\t\t\t\t<\/div>\n\t\t\t\t\t<\/div>\n\t\t\t\t<\/div>\n\t\t<div class=\"elementor-element elementor-element-176f8bf e-flex e-con-boxed e-con e-parent\" data-id=\"176f8bf\" data-element_type=\"container\" data-e-type=\"container\">\n\t\t\t\t\t<div class=\"e-con-inner\">\n\t\t<div class=\"elementor-element elementor-element-880e028 e-con-full e-flex e-con e-child\" data-id=\"880e028\" data-element_type=\"container\" data-e-type=\"container\">\n\t\t\t\t<div class=\"elementor-element elementor-element-f2a91ef elementor-widget elementor-widget-text-editor\" data-id=\"f2a91ef\" data-element_type=\"widget\" data-e-type=\"widget\" data-widget_type=\"text-editor.default\">\n\t\t\t\t<div class=\"elementor-widget-container\">\n\t\t\t\t\t\t\t\t\t<h4>Vizyonumuz<\/h4><p>D\u00fcnya \u00e7ap\u0131nda end\u00fcstriler i\u00e7in de\u011fer yaratan, yenilik\u00e7i ve s\u00fcrd\u00fcr\u00fclebilir \u00e7\u00f6z\u00fcmler sunan lider bir kurulu\u015f olmak.<\/p><h4>Misyonumuz<\/h4><p>M\u00fc\u015fterilerimize, \u00e7al\u0131\u015fanlar\u0131m\u0131za ve topluma kar\u015f\u0131 sorumluluklar\u0131m\u0131z\u0131 yerine getirirken, s\u00fcrd\u00fcr\u00fclebilir b\u00fcy\u00fcme ve yenilik\u00e7ilik yoluyla de\u011fer yaratmak.<\/p>\t\t\t\t\t\t\t\t<\/div>\n\t\t\t\t<\/div>\n\t\t\t\t<\/div>\n\t\t<div class=\"elementor-element elementor-element-c8fc3e0 e-con-full e-flex e-con e-child\" data-id=\"c8fc3e0\" data-element_type=\"container\" data-e-type=\"container\" data-settings=\"{&quot;background_background&quot;:&quot;classic&quot;}\">\n\t\t\t\t<div class=\"elementor-element elementor-element-04ed81b elementor-widget elementor-widget-spacer\" data-id=\"04ed81b\" data-element_type=\"widget\" data-e-type=\"widget\" data-widget_type=\"spacer.default\">\n\t\t\t\t<div class=\"elementor-widget-container\">\n\t\t\t\t\t\t\t<div class=\"elementor-spacer\">\n\t\t\t<div class=\"elementor-spacer-inner\"><\/div>\n\t\t<\/div>\n\t\t\t\t\t\t<\/div>\n\t\t\t\t<\/div>\n\t\t\t\t<\/div>\n\t\t\t\t\t<\/div>\n\t\t\t\t<\/div>\n\t\t<div class=\"elementor-element elementor-element-d03ce50 e-flex e-con-boxed e-con e-parent\" data-id=\"d03ce50\" data-element_type=\"container\" data-e-type=\"container\" data-settings=\"{&quot;background_background&quot;:&quot;classic&quot;}\">\n\t\t\t\t\t<div class=\"e-con-inner\">\n\t\t<div class=\"elementor-element elementor-element-f85c2f5 e-con-full e-flex e-con e-child\" data-id=\"f85c2f5\" data-element_type=\"container\" data-e-type=\"container\">\n\t\t\t\t<div class=\"elementor-element elementor-element-b66b10b elementor-widget elementor-widget-heading\" data-id=\"b66b10b\" data-element_type=\"widget\" data-e-type=\"widget\" data-widget_type=\"heading.default\">\n\t\t\t\t<div class=\"elementor-widget-container\">\n\t\t\t\t\t<h2 class=\"elementor-heading-title elementor-size-default\">Faaliyet Alanlar\u0131m\u0131z\n<\/h2>\t\t\t\t<\/div>\n\t\t\t\t<\/div>\n\t\t\t\t<div class=\"elementor-element elementor-element-8483e33 elementor-widget elementor-widget-text-editor\" data-id=\"8483e33\" data-element_type=\"widget\" data-e-type=\"widget\" data-widget_type=\"text-editor.default\">\n\t\t\t\t<div class=\"elementor-widget-container\">\n\t\t\t\t\t\t\t\t\t<p>Asterion Global, a\u015fa\u011f\u0131daki sekt\u00f6rlerde geni\u015f bir hizmet yelpazesi sunmaktad\u0131r:<\/p>\t\t\t\t\t\t\t\t<\/div>\n\t\t\t\t<\/div>\n\t\t\t\t<\/div>\n\t\t<div class=\"elementor-element elementor-element-ec96f2b e-con-full e-flex e-con e-child\" data-id=\"ec96f2b\" data-element_type=\"container\" data-e-type=\"container\">\n\t\t<div class=\"elementor-element elementor-element-dd4fee2 e-con-full e-flex e-con e-child\" data-id=\"dd4fee2\" data-element_type=\"container\" data-e-type=\"container\">\n\t\t\t\t<div class=\"elementor-element elementor-element-8660021 elementor-position-top elementor-widget elementor-widget-image-box\" data-id=\"8660021\" data-element_type=\"widget\" data-e-type=\"widget\" data-widget_type=\"image-box.default\">\n\t\t\t\t<div class=\"elementor-widget-container\">\n\t\t\t\t\t<div class=\"elementor-image-box-wrapper\"><figure class=\"elementor-image-box-img\"><img fetchpriority=\"high\" decoding=\"async\" width=\"512\" height=\"512\" src=\"https:\/\/asterionglobal.com\/wp-content\/uploads\/2024\/02\/process.png\" class=\"attachment-full size-full wp-image-559\" alt=\"\" srcset=\"https:\/\/asterionglobal.com\/wp-content\/uploads\/2024\/02\/process.png 512w, https:\/\/asterionglobal.com\/wp-content\/uploads\/2024\/02\/process-250x250.png 250w, https:\/\/asterionglobal.com\/wp-content\/uploads\/2024\/02\/process-100x100.png 100w, https:\/\/asterionglobal.com\/wp-content\/uploads\/2024\/02\/process-500x500.png 500w, https:\/\/asterionglobal.com\/wp-content\/uploads\/2024\/02\/process-300x300.png 300w, https:\/\/asterionglobal.com\/wp-content\/uploads\/2024\/02\/process-150x150.png 150w\" sizes=\"(max-width: 512px) 100vw, 512px\" \/><\/figure><div class=\"elementor-image-box-content\"><h3 class=\"elementor-image-box-title\">Teknoloji ve \u0130novasyon<\/h3><p class=\"elementor-image-box-description\">Yapay zeka, b\u00fcy\u00fck veri analizi ve nesnelerin interneti (IoT) alanlar\u0131nda \u00e7\u0131\u011f\u0131r a\u00e7an \u00e7\u00f6z\u00fcmler sunuyoruz.<\/p><\/div><\/div>\t\t\t\t<\/div>\n\t\t\t\t<\/div>\n\t\t\t\t<\/div>\n\t\t<div class=\"elementor-element elementor-element-8cac8cb e-con-full e-flex e-con e-child\" data-id=\"8cac8cb\" data-element_type=\"container\" data-e-type=\"container\">\n\t\t\t\t<div class=\"elementor-element elementor-element-64f3c7f elementor-position-top elementor-widget elementor-widget-image-box\" data-id=\"64f3c7f\" data-element_type=\"widget\" data-e-type=\"widget\" data-widget_type=\"image-box.default\">\n\t\t\t\t<div class=\"elementor-widget-container\">\n\t\t\t\t\t<div class=\"elementor-image-box-wrapper\"><figure class=\"elementor-image-box-img\"><img loading=\"lazy\" decoding=\"async\" width=\"512\" height=\"512\" src=\"https:\/\/asterionglobal.com\/wp-content\/uploads\/2024\/02\/natural-resources.png\" class=\"attachment-full size-full wp-image-558\" alt=\"\" srcset=\"https:\/\/asterionglobal.com\/wp-content\/uploads\/2024\/02\/natural-resources.png 512w, https:\/\/asterionglobal.com\/wp-content\/uploads\/2024\/02\/natural-resources-250x250.png 250w, https:\/\/asterionglobal.com\/wp-content\/uploads\/2024\/02\/natural-resources-100x100.png 100w, https:\/\/asterionglobal.com\/wp-content\/uploads\/2024\/02\/natural-resources-500x500.png 500w, https:\/\/asterionglobal.com\/wp-content\/uploads\/2024\/02\/natural-resources-300x300.png 300w, https:\/\/asterionglobal.com\/wp-content\/uploads\/2024\/02\/natural-resources-150x150.png 150w\" sizes=\"(max-width: 512px) 100vw, 512px\" \/><\/figure><div class=\"elementor-image-box-content\"><h3 class=\"elementor-image-box-title\">S\u00fcrd\u00fcr\u00fclebilir Kaynaklar<\/h3><p class=\"elementor-image-box-description\">Yenilenebilir enerji kaynaklar\u0131n\u0131 destekleyerek, s\u00fcrd\u00fcr\u00fclebilir enerji \u00e7\u00f6z\u00fcmleri geli\u015ftiriyoruz.<\/p><\/div><\/div>\t\t\t\t<\/div>\n\t\t\t\t<\/div>\n\t\t\t\t<\/div>\n\t\t<div class=\"elementor-element elementor-element-23d569e e-con-full e-flex e-con e-child\" data-id=\"23d569e\" data-element_type=\"container\" data-e-type=\"container\">\n\t\t\t\t<div class=\"elementor-element elementor-element-4ba98f5 elementor-position-top elementor-widget elementor-widget-image-box\" data-id=\"4ba98f5\" data-element_type=\"widget\" data-e-type=\"widget\" data-widget_type=\"image-box.default\">\n\t\t\t\t<div class=\"elementor-widget-container\">\n\t\t\t\t\t<div class=\"elementor-image-box-wrapper\"><figure class=\"elementor-image-box-img\"><img loading=\"lazy\" decoding=\"async\" width=\"512\" height=\"512\" src=\"https:\/\/asterionglobal.com\/wp-content\/uploads\/2024\/02\/microscope.png\" class=\"attachment-full size-full wp-image-557\" alt=\"\" srcset=\"https:\/\/asterionglobal.com\/wp-content\/uploads\/2024\/02\/microscope.png 512w, https:\/\/asterionglobal.com\/wp-content\/uploads\/2024\/02\/microscope-250x250.png 250w, https:\/\/asterionglobal.com\/wp-content\/uploads\/2024\/02\/microscope-100x100.png 100w, https:\/\/asterionglobal.com\/wp-content\/uploads\/2024\/02\/microscope-500x500.png 500w, https:\/\/asterionglobal.com\/wp-content\/uploads\/2024\/02\/microscope-300x300.png 300w, https:\/\/asterionglobal.com\/wp-content\/uploads\/2024\/02\/microscope-150x150.png 150w\" sizes=\"(max-width: 512px) 100vw, 512px\" \/><\/figure><div class=\"elementor-image-box-content\"><h3 class=\"elementor-image-box-title\">Sa\u011fl\u0131k ve Ya\u015fam<\/h3><p class=\"elementor-image-box-description\">Sa\u011fl\u0131k sekt\u00f6r\u00fcne yenilik\u00e7i teknolojiler ve hizmetler sunarak, insan hayat\u0131n\u0131 iyile\u015ftirmeyi ama\u00e7l\u0131yoruz.<\/p><\/div><\/div>\t\t\t\t<\/div>\n\t\t\t\t<\/div>\n\t\t\t\t<\/div>\n\t\t<div class=\"elementor-element elementor-element-1d885aa e-con-full e-flex e-con e-child\" data-id=\"1d885aa\" data-element_type=\"container\" data-e-type=\"container\">\n\t\t\t\t<div class=\"elementor-element elementor-element-2d3743c elementor-position-top elementor-widget elementor-widget-image-box\" data-id=\"2d3743c\" data-element_type=\"widget\" data-e-type=\"widget\" data-widget_type=\"image-box.default\">\n\t\t\t\t<div class=\"elementor-widget-container\">\n\t\t\t\t\t<div class=\"elementor-image-box-wrapper\"><figure class=\"elementor-image-box-img\"><img loading=\"lazy\" decoding=\"async\" width=\"512\" height=\"512\" src=\"https:\/\/asterionglobal.com\/wp-content\/uploads\/2024\/02\/save-money.png\" class=\"attachment-full size-full wp-image-556\" alt=\"\" srcset=\"https:\/\/asterionglobal.com\/wp-content\/uploads\/2024\/02\/save-money.png 512w, https:\/\/asterionglobal.com\/wp-content\/uploads\/2024\/02\/save-money-250x250.png 250w, https:\/\/asterionglobal.com\/wp-content\/uploads\/2024\/02\/save-money-100x100.png 100w, https:\/\/asterionglobal.com\/wp-content\/uploads\/2024\/02\/save-money-500x500.png 500w, https:\/\/asterionglobal.com\/wp-content\/uploads\/2024\/02\/save-money-300x300.png 300w, https:\/\/asterionglobal.com\/wp-content\/uploads\/2024\/02\/save-money-150x150.png 150w\" sizes=\"(max-width: 512px) 100vw, 512px\" \/><\/figure><div class=\"elementor-image-box-content\"><h3 class=\"elementor-image-box-title\">Finans ve Yat\u0131r\u0131m<\/h3><p class=\"elementor-image-box-description\">Finansal teknolojilerdeki (FinTech) yeniliklerle, daha ak\u0131ll\u0131 ve eri\u015filebilir finansal hizmetler sa\u011fl\u0131yoruz.<\/p><\/div><\/div>\t\t\t\t<\/div>\n\t\t\t\t<\/div>\n\t\t\t\t<\/div>\n\t\t\t\t<\/div>\n\t\t\t\t\t<\/div>\n\t\t\t\t<\/div>\n\t\t<div class=\"elementor-element elementor-element-a838e2f e-flex e-con-boxed e-con e-parent\" data-id=\"a838e2f\" data-element_type=\"container\" data-e-type=\"container\">\n\t\t\t\t\t<div class=\"e-con-inner\">\n\t\t<div class=\"elementor-element elementor-element-0ec3906 e-con-full e-flex e-con e-child\" data-id=\"0ec3906\" data-element_type=\"container\" data-e-type=\"container\" data-settings=\"{&quot;background_background&quot;:&quot;classic&quot;}\">\n\t\t\t\t<div class=\"elementor-element elementor-element-9100e31 elementor-widget elementor-widget-spacer\" data-id=\"9100e31\" data-element_type=\"widget\" data-e-type=\"widget\" data-widget_type=\"spacer.default\">\n\t\t\t\t<div class=\"elementor-widget-container\">\n\t\t\t\t\t\t\t<div class=\"elementor-spacer\">\n\t\t\t<div class=\"elementor-spacer-inner\"><\/div>\n\t\t<\/div>\n\t\t\t\t\t\t<\/div>\n\t\t\t\t<\/div>\n\t\t\t\t<\/div>\n\t\t<div class=\"elementor-element elementor-element-e648beb e-con-full e-flex e-con e-child\" data-id=\"e648beb\" data-element_type=\"container\" data-e-type=\"container\">\n\t\t\t\t<div class=\"elementor-element elementor-element-ae11ca8 elementor-widget elementor-widget-text-editor\" data-id=\"ae11ca8\" data-element_type=\"widget\" data-e-type=\"widget\" data-widget_type=\"text-editor.default\">\n\t\t\t\t<div class=\"elementor-widget-container\">\n\t\t\t\t\t\t\t\t\t<h3>Sosyal Sorumluluk<\/h3><p>Toplumsal de\u011fer yaratma bilinciyle hareket eden Asterion Global, \u00e7e\u015fitli sosyal sorumluluk projelerine aktif olarak kat\u0131l\u0131m sa\u011flamaktad\u0131r. E\u011fitim, sa\u011fl\u0131k ve \u00e7evre koruma alanlar\u0131nda ger\u00e7ekle\u015ftirdi\u011fimiz projelerle, s\u00fcrd\u00fcr\u00fclebilir bir gelecek i\u00e7in \u00e7al\u0131\u015f\u0131yoruz.<\/p><h3>Gelece\u011fe Bak\u0131\u015f<\/h3><p>Asterion Global olarak, gelece\u011fe y\u00f6nelik stratejilerimiz ve yat\u0131r\u0131mlar\u0131m\u0131zla, s\u00fcrd\u00fcr\u00fclebilir bir d\u00fcnya i\u00e7in yenilik\u00e7i \u00e7\u00f6z\u00fcmler sunmaya devam edece\u011fiz. M\u00fc\u015fterilerimiz, i\u015f ortaklar\u0131m\u0131z ve toplum i\u00e7in de\u011fer yaratmaya odaklanarak, sekt\u00f6rlerde liderli\u011fimizi peki\u015ftirmeyi hedefliyoruz.<\/p><p>Bu yolculukta, Asterion Global ailesi olarak; kurumsal, i\u015f ortaklar\u0131m\u0131z, insan kaynaklar\u0131, markalar\u0131m\u0131z ve hakk\u0131m\u0131zdaki haberler dahil olmak \u00fczere \u00e7e\u015fitli alanlarda daha fazla bilgi i\u00e7in web sitemizin ilgili sayfalar\u0131n\u0131 ziyaret edebilirsiniz.<\/p><p><strong>Asterion Global&#8217;\u0131 ke\u015ffetmek ve yenilik\u00e7i yolculu\u011fumuzda bize kat\u0131lmak i\u00e7in sizi davet ediyoruz.<\/strong><\/p>\t\t\t\t\t\t\t\t<\/div>\n\t\t\t\t<\/div>\n\t\t\t\t<\/div>\n\t\t\t\t\t<\/div>\n\t\t\t\t<\/div>\n\t\t\t\t<\/div>\n\t\t","protected":false},"excerpt":{"rendered":"<p>Asterion Global, yenilik\u00e7i \u00e7\u00f6z\u00fcmleriyle end\u00fcstrilerin s\u0131n\u0131rlar\u0131n\u0131 zorlayan, k\u00fcresel bir firma olma yolunda ilerlemektedir. Kurulu\u015fumuzdan bu yana, m\u00fc\u015fterilerimize ve topluluklar\u0131m\u0131za de\u011fer katmay\u0131 hedefleyerek, s\u00fcrd\u00fcr\u00fclebilir b\u00fcy\u00fcme ve teknolojik yenilik\u00e7ili\u011fi merkezimize ald\u0131k. \u00c7e\u015fitlili\u011fi, yenili\u011fi ve m\u00fckemmeliyeti temel de\u011ferler olarak benimseyerek, sekt\u00f6rler aras\u0131 deneyimimizle geni\u015f bir yelpazede hizmetler sunuyoruz. Vizyonumuz D\u00fcnya \u00e7ap\u0131nda end\u00fcstriler i\u00e7in de\u011fer yaratan, yenilik\u00e7i ve s\u00fcrd\u00fcr\u00fclebilir [&hellip;]<\/p>\n","protected":false},"author":1,"featured_media":0,"parent":0,"menu_order":0,"comment_status":"closed","ping_status":"closed","template":"","meta":{"footnotes":""},"class_list":["post-545","page","type-page","status-publish","hentry"],"_links":{"self":[{"href":"https:\/\/asterionglobal.com\/index.php?rest_route=\/wp\/v2\/pages\/545","targetHints":{"allow":["GET"]}}],"collection":[{"href":"https:\/\/asterionglobal.com\/index.php?rest_route=\/wp\/v2\/pages"}],"about":[{"href":"https:\/\/asterionglobal.com\/index.php?rest_route=\/wp\/v2\/types\/page"}],"author":[{"embeddable":true,"href":"https:\/\/asterionglobal.com\/index.php?rest_route=\/wp\/v2\/users\/1"}],"replies":[{"embeddable":true,"href":"https:\/\/asterionglobal.com\/index.php?rest_route=%2Fwp%2Fv2%2Fcomments&post=545"}],"version-history":[{"count":16,"href":"https:\/\/asterionglobal.com\/index.php?rest_route=\/wp\/v2\/pages\/545\/revisions"}],"predecessor-version":[{"id":960,"href":"https:\/\/asterionglobal.com\/index.php?rest_route=\/wp\/v2\/pages\/545\/revisions\/960"}],"wp:attachment":[{"href":"https:\/\/asterionglobal.com\/index.php?rest_route=%2Fwp%2Fv2%2Fmedia&parent=545"}],"curies":[{"name":"wp","href":"https:\/\/api.w.org\/{rel}","templated":true}]}}