{"id":534,"date":"2024-02-27T08:37:35","date_gmt":"2024-02-27T08:37:35","guid":{"rendered":"https:\/\/asterionglobal.com\/?page_id=534"},"modified":"2024-02-27T08:38:16","modified_gmt":"2024-02-27T08:38:16","slug":"teslimat-ve-iade-politikamiz","status":"publish","type":"page","link":"https:\/\/asterionglobal.com\/?page_id=534","title":{"rendered":"Teslimat ve \u0130ade Politikam\u0131z"},"content":{"rendered":"\t\t<div data-elementor-type=\"wp-page\" data-elementor-id=\"534\" class=\"elementor elementor-534\" data-elementor-post-type=\"page\">\n\t\t\t\t<div class=\"elementor-element elementor-element-349595d e-flex e-con-boxed e-con e-parent\" data-id=\"349595d\" data-element_type=\"container\" data-e-type=\"container\">\n\t\t\t\t\t<div class=\"e-con-inner\">\n\t\t\t\t<div class=\"elementor-element elementor-element-12ffeed elementor-widget elementor-widget-text-editor\" data-id=\"12ffeed\" data-element_type=\"widget\" data-e-type=\"widget\" data-widget_type=\"text-editor.default\">\n\t\t\t\t<div class=\"elementor-widget-container\">\n\t\t\t\t\t\t\t\t\t<h3>GER\u0130 \u00d6DEME VE \u0130ADE POL\u0130T\u0130KASI<\/h3><p>Sitemiz \u00fczerinden elektronik ortamda sipari\u015f verdi\u011finiz takdirde, size sunulan \u00f6n bilgilendirme formunu ve mesafeli sat\u0131\u015f s\u00f6zle\u015fmesini kabul etmi\u015f say\u0131l\u0131rs\u0131n\u0131z.<\/p><p>Sat\u0131n ald\u0131\u011f\u0131n\u0131z \u00fcr\u00fcn\u00fcn sat\u0131\u015f ve teslimi ile ilgili olarak 6502 say\u0131l\u0131 T\u00fcketicinin Korunmas\u0131 Hakk\u0131nda Kanun ve Mesafeli S\u00f6zle\u015fmeler Y\u00f6netmeli\u011fi h\u00fck\u00fcmleri ile y\u00fcr\u00fcrl\u00fckteki di\u011fer yasalara tabidir.<\/p><p>\u00dcr\u00fcn sevkiyat masraf\u0131 olan kargo \u00fccretleri al\u0131c\u0131lar taraf\u0131ndan \u00f6denecektir.<\/p><p>Sat\u0131n al\u0131nan her bir \u00fcr\u00fcn, 30 g\u00fcnl\u00fck yasal s\u00fcreyi a\u015fmamak kayd\u0131 ile al\u0131c\u0131n\u0131n g\u00f6sterdi\u011fi adresteki ki\u015fi ve\/veya kurulu\u015fa teslim edilir. Bu s\u00fcre i\u00e7inde \u00fcr\u00fcn teslim edilmez ise, Al\u0131c\u0131lar s\u00f6zle\u015fmeyi sona erdirebilir.<\/p><p>Sat\u0131n al\u0131nan \u00fcr\u00fcn, eksiksiz ve sipari\u015fte belirtilen niteliklere uygun ve varsa garanti belgesi, kullan\u0131m klavuzu gibi belgelerle teslim edilmek zorundad\u0131r.<\/p><p>Sat\u0131n al\u0131nan \u00fcr\u00fcn\u00fcn sat\u0131lmas\u0131n\u0131n imkans\u0131zla\u015fmas\u0131 durumunda, sat\u0131c\u0131 bu durumu \u00f6\u011frendi\u011finden itibaren 3 g\u00fcn i\u00e7inde yaz\u0131l\u0131 olarak al\u0131c\u0131ya bu durumu bildirmek zorundad\u0131r. 14 g\u00fcn i\u00e7inde de toplam bedel Al\u0131c\u0131\u2019ya iade edilmek zorundad\u0131r.<\/p>\t\t\t\t\t\t\t\t<\/div>\n\t\t\t\t<\/div>\n\t\t\t\t\t<\/div>\n\t\t\t\t<\/div>\n\t\t\t\t<\/div>\n\t\t","protected":false},"excerpt":{"rendered":"<p>GER\u0130 \u00d6DEME VE \u0130ADE POL\u0130T\u0130KASI Sitemiz \u00fczerinden elektronik ortamda sipari\u015f verdi\u011finiz takdirde, size sunulan \u00f6n bilgilendirme formunu ve mesafeli sat\u0131\u015f s\u00f6zle\u015fmesini kabul etmi\u015f say\u0131l\u0131rs\u0131n\u0131z. Sat\u0131n ald\u0131\u011f\u0131n\u0131z \u00fcr\u00fcn\u00fcn sat\u0131\u015f ve teslimi ile ilgili olarak 6502 say\u0131l\u0131 T\u00fcketicinin Korunmas\u0131 Hakk\u0131nda Kanun ve Mesafeli S\u00f6zle\u015fmeler Y\u00f6netmeli\u011fi h\u00fck\u00fcmleri ile y\u00fcr\u00fcrl\u00fckteki di\u011fer yasalara tabidir. \u00dcr\u00fcn sevkiyat masraf\u0131 olan kargo \u00fccretleri [&hellip;]<\/p>\n","protected":false},"author":1,"featured_media":0,"parent":0,"menu_order":0,"comment_status":"closed","ping_status":"closed","template":"","meta":{"footnotes":""},"class_list":["post-534","page","type-page","status-publish","hentry"],"_links":{"self":[{"href":"https:\/\/asterionglobal.com\/index.php?rest_route=\/wp\/v2\/pages\/534","targetHints":{"allow":["GET"]}}],"collection":[{"href":"https:\/\/asterionglobal.com\/index.php?rest_route=\/wp\/v2\/pages"}],"about":[{"href":"https:\/\/asterionglobal.com\/index.php?rest_route=\/wp\/v2\/types\/page"}],"author":[{"embeddable":true,"href":"https:\/\/asterionglobal.com\/index.php?rest_route=\/wp\/v2\/users\/1"}],"replies":[{"embeddable":true,"href":"https:\/\/asterionglobal.com\/index.php?rest_route=%2Fwp%2Fv2%2Fcomments&post=534"}],"version-history":[{"count":4,"href":"https:\/\/asterionglobal.com\/index.php?rest_route=\/wp\/v2\/pages\/534\/revisions"}],"predecessor-version":[{"id":541,"href":"https:\/\/asterionglobal.com\/index.php?rest_route=\/wp\/v2\/pages\/534\/revisions\/541"}],"wp:attachment":[{"href":"https:\/\/asterionglobal.com\/index.php?rest_route=%2Fwp%2Fv2%2Fmedia&parent=534"}],"curies":[{"name":"wp","href":"https:\/\/api.w.org\/{rel}","templated":true}]}}