{"id":527,"date":"2024-02-27T08:35:58","date_gmt":"2024-02-27T08:35:58","guid":{"rendered":"https:\/\/asterionglobal.com\/?page_id=527"},"modified":"2024-02-27T08:36:33","modified_gmt":"2024-02-27T08:36:33","slug":"cerez-politikasi","status":"publish","type":"page","link":"https:\/\/asterionglobal.com\/?page_id=527","title":{"rendered":"\u00c7erez Politikas\u0131"},"content":{"rendered":"\t\t<div data-elementor-type=\"wp-page\" data-elementor-id=\"527\" class=\"elementor elementor-527\" data-elementor-post-type=\"page\">\n\t\t\t\t<div class=\"elementor-element elementor-element-349595d e-flex e-con-boxed e-con e-parent\" data-id=\"349595d\" data-element_type=\"container\" data-e-type=\"container\">\n\t\t\t\t\t<div class=\"e-con-inner\">\n\t\t\t\t<div class=\"elementor-element elementor-element-12ffeed elementor-widget elementor-widget-text-editor\" data-id=\"12ffeed\" data-element_type=\"widget\" data-e-type=\"widget\" data-widget_type=\"text-editor.default\">\n\t\t\t\t<div class=\"elementor-widget-container\">\n\t\t\t\t\t\t\t\t\t<h3>\u00c7EREZ POL\u0130T\u0130KASI<\/h3><p>Sitemiz, ziyaret\u00e7ilerimize daha iyi bir hizmet sunabilmek i\u00e7in \u00e7erezleri kullanmaktad\u0131r. \u00c7erezler, web sitelerinin ziyaret\u00e7ilerinin bilgisayarlar\u0131na veya mobil cihazlar\u0131na yerle\u015ftirdi\u011fi k\u00fc\u00e7\u00fck metin dosyalar\u0131d\u0131r. \u00c7erezler, web sitesinin \u00e7al\u0131\u015fmas\u0131n\u0131 kolayla\u015ft\u0131rmak, performans\u0131n\u0131 art\u0131rmak, ziyaret\u00e7ilerin tercihlerini hat\u0131rlamak, istatistiksel veriler elde etmek ve ki\u015fiye \u00f6zel reklamlar sunmak gibi ama\u00e7larla kullan\u0131labilir.<\/p><p>Sitemizde kulland\u0131\u011f\u0131m\u0131z \u00e7erezler \u015funlard\u0131r:<\/p><ul><li>Zorunlu \u00e7erezler: Sitemizin temel fonksiyonlar\u0131n\u0131 yerine getirmek i\u00e7in gerekli olan \u00e7erezlerdir. Bu \u00e7erezler olmadan sitemiz d\u00fczg\u00fcn \u00e7al\u0131\u015fmayabilir.<\/li><li>\u0130\u015flevsel \u00e7erezler: Sitemizin i\u015flevselli\u011fini art\u0131rmak ve ziyaret\u00e7ilerimize daha iyi bir deneyim sunmak i\u00e7in kullan\u0131lan \u00e7erezlerdir. Bu \u00e7erezler sayesinde sitemiz ziyaret\u00e7ilerin tercihlerini hat\u0131rlayabilir.<\/li><li>Performans \u00e7erezleri: Sitemizin performans\u0131n\u0131 \u00f6l\u00e7mek ve iyile\u015ftirmek i\u00e7in kullan\u0131lan \u00e7erezlerdir. Bu \u00e7erezler sayesinde sitemizin hangi sayfalar\u0131n\u0131n daha \u00e7ok ilgi g\u00f6rd\u00fc\u011f\u00fc, ziyaret\u00e7ilerin sitede ne kadar zaman ge\u00e7irdi\u011fi, sitede kar\u015f\u0131la\u015f\u0131lan sorunlar gibi veriler elde edilir.<\/li><li>Reklam \u00e7erezleri: Sitemizde veya di\u011fer sitelerde ziyaret\u00e7ilere ilgi alanlar\u0131na g\u00f6re reklamlar sunmak i\u00e7in kullan\u0131lan \u00e7erezlerdir. Bu \u00e7erezler sayesinde ziyaret\u00e7ilerin sitemizde veya di\u011fer sitelerde hangi \u00fcr\u00fcn veya hizmetlere bakt\u0131\u011f\u0131 takip edilir.<\/li><\/ul><p>\u00c7erezleri nas\u0131l y\u00f6netebilirsiniz?<\/p><p>\u00c7o\u011fu web taray\u0131c\u0131s\u0131 \u00e7erezleri kabul etmektedir. Ancak isterseniz taray\u0131c\u0131n\u0131z\u0131n ayarlar\u0131ndan \u00e7erezleri silmek, engellemek veya uyar\u0131 almak suretiyle y\u00f6netebilirsiniz. \u00c7erez ayarlar\u0131n\u0131z\u0131 nas\u0131l de\u011fi\u015ftirebilece\u011finize dair detayl\u0131 bilgi i\u00e7in taray\u0131c\u0131n\u0131z\u0131n yard\u0131m men\u00fcs\u00fcn\u00fc inceleyebilirsiniz.<\/p><p>\u00c7erezleri silmeniz veya engellemeniz durumunda sitemizin baz\u0131 fonksiyonlar\u0131n\u0131n d\u00fczg\u00fcn \u00e7al\u0131\u015fmayabilece\u011fini veya sitemizin performans\u0131n\u0131n d\u00fc\u015febilece\u011fini hat\u0131rlatmak isteriz.<\/p>\t\t\t\t\t\t\t\t<\/div>\n\t\t\t\t<\/div>\n\t\t\t\t\t<\/div>\n\t\t\t\t<\/div>\n\t\t\t\t<\/div>\n\t\t","protected":false},"excerpt":{"rendered":"<p>\u00c7EREZ POL\u0130T\u0130KASI Sitemiz, ziyaret\u00e7ilerimize daha iyi bir hizmet sunabilmek i\u00e7in \u00e7erezleri kullanmaktad\u0131r. \u00c7erezler, web sitelerinin ziyaret\u00e7ilerinin bilgisayarlar\u0131na veya mobil cihazlar\u0131na yerle\u015ftirdi\u011fi k\u00fc\u00e7\u00fck metin dosyalar\u0131d\u0131r. \u00c7erezler, web sitesinin \u00e7al\u0131\u015fmas\u0131n\u0131 kolayla\u015ft\u0131rmak, performans\u0131n\u0131 art\u0131rmak, ziyaret\u00e7ilerin tercihlerini hat\u0131rlamak, istatistiksel veriler elde etmek ve ki\u015fiye \u00f6zel reklamlar sunmak gibi ama\u00e7larla kullan\u0131labilir. Sitemizde kulland\u0131\u011f\u0131m\u0131z \u00e7erezler \u015funlard\u0131r: Zorunlu \u00e7erezler: Sitemizin temel fonksiyonlar\u0131n\u0131 [&hellip;]<\/p>\n","protected":false},"author":1,"featured_media":0,"parent":0,"menu_order":0,"comment_status":"closed","ping_status":"closed","template":"","meta":{"footnotes":""},"class_list":["post-527","page","type-page","status-publish","hentry"],"_links":{"self":[{"href":"https:\/\/asterionglobal.com\/index.php?rest_route=\/wp\/v2\/pages\/527","targetHints":{"allow":["GET"]}}],"collection":[{"href":"https:\/\/asterionglobal.com\/index.php?rest_route=\/wp\/v2\/pages"}],"about":[{"href":"https:\/\/asterionglobal.com\/index.php?rest_route=\/wp\/v2\/types\/page"}],"author":[{"embeddable":true,"href":"https:\/\/asterionglobal.com\/index.php?rest_route=\/wp\/v2\/users\/1"}],"replies":[{"embeddable":true,"href":"https:\/\/asterionglobal.com\/index.php?rest_route=%2Fwp%2Fv2%2Fcomments&post=527"}],"version-history":[{"count":4,"href":"https:\/\/asterionglobal.com\/index.php?rest_route=\/wp\/v2\/pages\/527\/revisions"}],"predecessor-version":[{"id":531,"href":"https:\/\/asterionglobal.com\/index.php?rest_route=\/wp\/v2\/pages\/527\/revisions\/531"}],"wp:attachment":[{"href":"https:\/\/asterionglobal.com\/index.php?rest_route=%2Fwp%2Fv2%2Fmedia&parent=527"}],"curies":[{"name":"wp","href":"https:\/\/api.w.org\/{rel}","templated":true}]}}