{"id":522,"date":"2024-02-27T08:34:18","date_gmt":"2024-02-27T08:34:18","guid":{"rendered":"https:\/\/asterionglobal.com\/?page_id=522"},"modified":"2024-02-27T08:34:55","modified_gmt":"2024-02-27T08:34:55","slug":"mesafeli%cc%87-satis-sozlesmesi%cc%87","status":"publish","type":"page","link":"https:\/\/asterionglobal.com\/?page_id=522","title":{"rendered":"Mesafeli\u0307 Sat\u0131\u015f S\u00f6zle\u015fmesi\u0307"},"content":{"rendered":"\t\t<div data-elementor-type=\"wp-page\" data-elementor-id=\"522\" class=\"elementor elementor-522\" data-elementor-post-type=\"page\">\n\t\t\t\t<div class=\"elementor-element elementor-element-349595d e-flex e-con-boxed e-con e-parent\" data-id=\"349595d\" data-element_type=\"container\" data-e-type=\"container\">\n\t\t\t\t\t<div class=\"e-con-inner\">\n\t\t\t\t<div class=\"elementor-element elementor-element-12ffeed elementor-widget elementor-widget-text-editor\" data-id=\"12ffeed\" data-element_type=\"widget\" data-e-type=\"widget\" data-widget_type=\"text-editor.default\">\n\t\t\t\t<div class=\"elementor-widget-container\">\n\t\t\t\t\t\t\t\t\t<h3>MESAFEL\u0130 SATI\u015e S\u00d6ZLE\u015eMES\u0130<\/h3><p>\u00a0<\/p><h4>TARAFLAR<\/h4><p><strong>Sat\u0131c\u0131:<\/strong>\u00a0Asterion Global Tekstil A.\u015e.\u00a0onlinesales@asterionglobal.com<\/p><p><strong>Al\u0131c\u0131:<\/strong>\u00a0[Al\u0131c\u0131 Ad\u0131 Soyad\u0131] [Al\u0131c\u0131 Adresi] [Al\u0131c\u0131 \u0130leti\u015fim Bilgileri]<\/p><p><strong>KONU<\/strong><\/p><p>Bu s\u00f6zle\u015fme, al\u0131c\u0131n\u0131n a\u015fa\u011f\u0131da belirtilen \u00fcr\u00fcn(ler)i sat\u0131n almak amac\u0131yla sat\u0131c\u0131 taraf\u0131ndan i\u015fletilen e-ticaret sitesi \u00fczerinden ger\u00e7ekle\u015ftirdi\u011fi mesafeli sat\u0131\u015f i\u015flemlerini d\u00fczenlemektedir.<\/p><p><strong>S\u00d6ZLE\u015eME KONUSU \u00dcR\u00dcN(LER)<\/strong><\/p><p>\u00dcr\u00fcn(lerin) ad\u0131:<\/p><p>Adet:<\/p><p>Fiyat\u0131:<\/p><p>Toplam tutar:<\/p><p><strong>\u00d6DEME \u015eEKL\u0130<\/strong><\/p><p>Al\u0131c\u0131, s\u00f6zle\u015fme konusu \u00fcr\u00fcn(ler) i\u00e7in belirtilen toplam tutar\u0131 [\u00d6deme \u015eekli] ile \u00f6deyecektir.<\/p><p><strong>TESL\u0130MAT<\/strong><\/p><p>Sat\u0131c\u0131, sipari\u015fin al\u0131nmas\u0131n\u0131 m\u00fcteakip, \u00fcr\u00fcn(ler)i belirtilen adrese teslim etmekle y\u00fck\u00fcml\u00fcd\u00fcr. Teslimat s\u00fcresi [Teslimat S\u00fcresi] olarak belirlenmi\u015ftir.<\/p><p><strong>CAYMA HAKKI<\/strong><\/p><p>Al\u0131c\u0131, s\u00f6zle\u015fme konusu \u00fcr\u00fcn(ler)i teslim ald\u0131ktan sonra [Cayma S\u00fcresi] i\u00e7erisinde herhangi bir gerek\u00e7e g\u00f6stermeksizin cayma hakk\u0131na sahiptir. Cayma hakk\u0131n\u0131 kullanmak isteyen al\u0131c\u0131, yaz\u0131l\u0131 bildirimde bulunarak \u00fcr\u00fcn(ler)i iade edebilir.<\/p><p><strong>\u0130ADE VE \u0130PTAL KO\u015eULLARI<\/strong><\/p><p>Cayma hakk\u0131 s\u00fcresi i\u00e7erisinde iade edilen \u00fcr\u00fcn(ler)in bedeli, al\u0131c\u0131n\u0131n \u00f6deme \u015fekline uygun olarak [\u0130ade S\u00fcresi] i\u00e7inde iade edilecektir.<\/p><p>\u00dcr\u00fcn(ler)in iadesi, al\u0131c\u0131n\u0131n hatal\u0131 veya ay\u0131pl\u0131 oldu\u011funu belirtti\u011fi durumlar haricinde, \u00fcr\u00fcn(ler)in kullan\u0131lmam\u0131\u015f, ambalaj\u0131n\u0131n a\u00e7\u0131lmam\u0131\u015f ve hasar g\u00f6rmemi\u015f olmas\u0131 \u015fart\u0131na ba\u011fl\u0131d\u0131r.<\/p><p>Al\u0131c\u0131, \u00fcr\u00fcn(ler)i iade etmek i\u00e7in sat\u0131c\u0131n\u0131n belirtti\u011fi iade adresine g\u00f6ndermekle y\u00fck\u00fcml\u00fcd\u00fcr.<\/p><p>\u0130ade kargo \u00fccreti, al\u0131c\u0131ya aittir.<\/p><p><strong>\u0130HT\u0130LAFLARIN \u00c7\u00d6Z\u00dcM\u00dc<\/strong><\/p><p>Bu s\u00f6zle\u015fmeyle ilgili \u00e7\u0131kabilecek her t\u00fcrl\u00fc ihtilaflar\u0131n \u00e7\u00f6z\u00fcm\u00fcnde T\u00fcrk Ticaret Kanunu ve ilgili mevzuat h\u00fck\u00fcmleri uygulanacakt\u0131r. \u0130htilaflar\u0131n \u00e7\u00f6z\u00fcm\u00fcnde \u0130stanbul (veya\u00a0<strong>Y\u00dcR\u00dcRL\u00dcK<\/strong>\u00a0Bu s\u00f6zle\u015fme, al\u0131c\u0131n\u0131n e-ticaret sitesi \u00fczerinden sipari\u015f vermesiyle birlikte y\u00fcr\u00fcrl\u00fc\u011fe girecektir.<\/p><p><strong>ONAY VE KABUL<\/strong>\u00a0Al\u0131c\u0131, i\u015fbu mesafeli sat\u0131\u015f s\u00f6zle\u015fmesini okuyup anlad\u0131\u011f\u0131n\u0131 ve kabul etti\u011fini beyan eder.<\/p><p>[Y\u00dcR\u00dcRL\u00dcK Bu s\u00f6zle\u015fme, al\u0131c\u0131n\u0131n e-ticaret sitesi \u00fczerinden sipari\u015f vermesiyle birlikte y\u00fcr\u00fcrl\u00fc\u011fe girecektir.<\/p><p><strong>ONAY VE KABUL<\/strong>\u00a0Al\u0131c\u0131, i\u015fbu mesafeli sat\u0131\u015f s\u00f6zle\u015fmesini okuyup anlad\u0131\u011f\u0131n\u0131 ve kabul etti\u011fini beyan eder.<\/p><p><strong>Sat\u0131c\u0131: [Sat\u0131c\u0131 Ad\u0131, \u0130mza, Tarih]\u00a0<\/strong><\/p><p><strong>Al\u0131c\u0131:\u00a0 [Al\u0131c\u0131 Ad\u0131, \u0130mza, Tarih]<\/strong><\/p>\t\t\t\t\t\t\t\t<\/div>\n\t\t\t\t<\/div>\n\t\t\t\t\t<\/div>\n\t\t\t\t<\/div>\n\t\t\t\t<\/div>\n\t\t","protected":false},"excerpt":{"rendered":"<p>MESAFEL\u0130 SATI\u015e S\u00d6ZLE\u015eMES\u0130 \u00a0 TARAFLAR Sat\u0131c\u0131:\u00a0Asterion Global Tekstil A.\u015e.\u00a0onlinesales@asterionglobal.com Al\u0131c\u0131:\u00a0[Al\u0131c\u0131 Ad\u0131 Soyad\u0131] [Al\u0131c\u0131 Adresi] [Al\u0131c\u0131 \u0130leti\u015fim Bilgileri] KONU Bu s\u00f6zle\u015fme, al\u0131c\u0131n\u0131n a\u015fa\u011f\u0131da belirtilen \u00fcr\u00fcn(ler)i sat\u0131n almak amac\u0131yla sat\u0131c\u0131 taraf\u0131ndan i\u015fletilen e-ticaret sitesi \u00fczerinden ger\u00e7ekle\u015ftirdi\u011fi mesafeli sat\u0131\u015f i\u015flemlerini d\u00fczenlemektedir. S\u00d6ZLE\u015eME KONUSU \u00dcR\u00dcN(LER) \u00dcr\u00fcn(lerin) ad\u0131: Adet: Fiyat\u0131: Toplam tutar: \u00d6DEME \u015eEKL\u0130 Al\u0131c\u0131, s\u00f6zle\u015fme konusu \u00fcr\u00fcn(ler) i\u00e7in belirtilen [&hellip;]<\/p>\n","protected":false},"author":1,"featured_media":0,"parent":0,"menu_order":0,"comment_status":"closed","ping_status":"closed","template":"","meta":{"footnotes":""},"class_list":["post-522","page","type-page","status-publish","hentry"],"_links":{"self":[{"href":"https:\/\/asterionglobal.com\/index.php?rest_route=\/wp\/v2\/pages\/522","targetHints":{"allow":["GET"]}}],"collection":[{"href":"https:\/\/asterionglobal.com\/index.php?rest_route=\/wp\/v2\/pages"}],"about":[{"href":"https:\/\/asterionglobal.com\/index.php?rest_route=\/wp\/v2\/types\/page"}],"author":[{"embeddable":true,"href":"https:\/\/asterionglobal.com\/index.php?rest_route=\/wp\/v2\/users\/1"}],"replies":[{"embeddable":true,"href":"https:\/\/asterionglobal.com\/index.php?rest_route=%2Fwp%2Fv2%2Fcomments&post=522"}],"version-history":[{"count":4,"href":"https:\/\/asterionglobal.com\/index.php?rest_route=\/wp\/v2\/pages\/522\/revisions"}],"predecessor-version":[{"id":526,"href":"https:\/\/asterionglobal.com\/index.php?rest_route=\/wp\/v2\/pages\/522\/revisions\/526"}],"wp:attachment":[{"href":"https:\/\/asterionglobal.com\/index.php?rest_route=%2Fwp%2Fv2%2Fmedia&parent=522"}],"curies":[{"name":"wp","href":"https:\/\/api.w.org\/{rel}","templated":true}]}}