{"id":518,"date":"2024-02-27T08:29:21","date_gmt":"2024-02-27T08:29:21","guid":{"rendered":"https:\/\/asterionglobal.com\/?page_id=518"},"modified":"2024-02-27T08:29:55","modified_gmt":"2024-02-27T08:29:55","slug":"gizlilik-politikasi","status":"publish","type":"page","link":"https:\/\/asterionglobal.com\/?page_id=518","title":{"rendered":"Gizlilik Politikas\u0131"},"content":{"rendered":"\t\t<div data-elementor-type=\"wp-page\" data-elementor-id=\"518\" class=\"elementor elementor-518\" data-elementor-post-type=\"page\">\n\t\t\t\t<div class=\"elementor-element elementor-element-349595d e-flex e-con-boxed e-con e-parent\" data-id=\"349595d\" data-element_type=\"container\" data-e-type=\"container\">\n\t\t\t\t\t<div class=\"e-con-inner\">\n\t\t\t\t<div class=\"elementor-element elementor-element-12ffeed elementor-widget elementor-widget-text-editor\" data-id=\"12ffeed\" data-element_type=\"widget\" data-e-type=\"widget\" data-widget_type=\"text-editor.default\">\n\t\t\t\t<div class=\"elementor-widget-container\">\n\t\t\t\t\t\t\t\t\t<h3>G\u0130ZL\u0130L\u0130K POL\u0130T\u0130KAMIZ<\/h3><p>Essential Towel olarak, ki\u015fisel verilerinizin g\u00fcvenli\u011fi ve korunmas\u0131 hususuna b\u00fcy\u00fck \u00f6nem vermekteyiz. Bu nedenle, web sitemizi ziyaret etti\u011finizde veya bizimle ileti\u015fime ge\u00e7ti\u011finizde, ki\u015fisel verilerinizin toplanmas\u0131, i\u015flenmesi, kullan\u0131lmas\u0131, aktar\u0131lmas\u0131 ve saklanmas\u0131 konusunda a\u015fa\u011f\u0131da belirtilen hususlar\u0131 kabul etmi\u015f say\u0131lmaktas\u0131n\u0131z.<\/p><p><strong>Ki\u015fisel Verilerinizin Toplanmas\u0131 ve \u0130\u015flenmesi<\/strong><\/p><p>Web sitemizi ziyaret etti\u011finizde veya bizimle ileti\u015fime ge\u00e7ti\u011finizde, bize verdi\u011finiz veya bizim taraf\u0131m\u0131zdan otomatik olarak toplanan baz\u0131 ki\u015fisel verileriniz bulunmaktad\u0131r. Bu ki\u015fisel veriler \u015funlar\u0131 i\u00e7erebilir:<\/p><ul><li>Ad\u0131n\u0131z, soyad\u0131n\u0131z, e-posta adresiniz, telefon numaran\u0131z, adresiniz gibi ileti\u015fim bilgileriniz<\/li><li>Web sitemizde yapt\u0131\u011f\u0131n\u0131z al\u0131\u015fveri\u015flerde kulland\u0131\u011f\u0131n\u0131z \u00f6deme bilgileriniz<\/li><li>Web sitemizi kullan\u0131rken olu\u015fturdu\u011funuz kullan\u0131c\u0131 hesab\u0131n\u0131z\u0131n \u015fifresi ve tercihleriniz<\/li><li>Web sitemizi ziyaret ederken kulland\u0131\u011f\u0131n\u0131z cihaz\u0131n IP adresi, taray\u0131c\u0131 tipi, i\u015fletim sistemi gibi teknik bilgiler<\/li><li>Web sitemizde gezinme davran\u0131\u015flar\u0131n\u0131z, ilgi alanlar\u0131n\u0131z, tercihleriniz ve istatistiksel veriler<\/li><\/ul><p>Ki\u015fisel verileriniz, web sitemizin i\u015fleyi\u015fini sa\u011flamak, sizlere daha iyi hizmet sunmak, \u00fcr\u00fcn ve hizmetlerimizi geli\u015ftirmek, pazarlama faaliyetleri y\u00fcr\u00fctmek, talep ve \u015fikayetlerinizi de\u011ferlendirmek, yasal y\u00fck\u00fcml\u00fcl\u00fcklerimizi yerine getirmek ve mevzuata uygun \u015fekilde hareket etmek amac\u0131yla KVKK ve ilgili mevzuat kapsam\u0131nda i\u015flenmektedir.<\/p><p><strong>Ki\u015fisel Verilerinizin Aktar\u0131lmas\u0131 ve Saklanmas\u0131<\/strong><\/p><p>Ki\u015fisel verileriniz, yukar\u0131da belirtilen ama\u00e7lar do\u011frultusunda ve yasal s\u0131n\u0131rlar \u00e7er\u00e7evesinde Essential Towel\u2019in ba\u011fl\u0131 oldu\u011fu Asterion Global \u015firketi ile payla\u015f\u0131labilmektedir. Ayr\u0131ca ki\u015fisel verileriniz, web sitemizin altyap\u0131s\u0131n\u0131 sa\u011flayan hizmet sa\u011flay\u0131c\u0131lar\u0131na, \u00f6deme sistemleri ile i\u015fbirli\u011fi yapt\u0131\u011f\u0131m\u0131z kurulu\u015flara, kargo \u015firketlerine ve yetkili kamu kurum ve kurulu\u015flar\u0131na aktar\u0131labilmektedir.<\/p><p>Ki\u015fisel verileriniz, KVKK ve ilgili mevzuat\u0131n \u00f6ng\u00f6rd\u00fc\u011f\u00fc s\u00fcreler boyunca veya i\u015flenme amac\u0131n\u0131n gerektirdi\u011fi s\u00fcre boyunca saklanmaktad\u0131r. Saklama s\u00fcresinin sona ermesi veya i\u015flenme amac\u0131n\u0131n ortadan kalkmas\u0131 halinde ki\u015fisel verileriniz silinmekte, yok edilmekte veya anonim hale getirilmektedir.<\/p><p><strong>Ki\u015fisel Verilerinize \u0130li\u015fkin Haklar\u0131n\u0131z<\/strong><\/p><p>KVKK uyar\u0131nca ki\u015fisel verilerinize ili\u015fkin a\u015fa\u011f\u0131daki haklara sahipsiniz:<\/p><ul><li>Ki\u015fisel verilerinizin i\u015flenip i\u015flenmedi\u011fini \u00f6\u011frenme,<\/li><li>Ki\u015fisel verileriniz i\u015flenmi\u015fse buna ili\u015fkin bilgi talep etme,<\/li><li>Ki\u015fisel verilerinizin i\u015flenme amac\u0131n\u0131 ve bunlar\u0131n amac\u0131na uygun kullan\u0131l\u0131p kullan\u0131lmad\u0131\u011f\u0131n\u0131 \u00f6\u011frenme,<\/li><li>Yurt i\u00e7inde veya yurt d\u0131\u015f\u0131nda ki\u015fisel verilerinizin aktar\u0131ld\u0131\u011f\u0131 \u00fc\u00e7\u00fcnc\u00fc ki\u015fileri bilme,<\/li><li>Ki\u015fisel verilerinizin eksik veya yanl\u0131\u015f i\u015flenmi\u015f olmas\u0131 halinde bunlar\u0131n d\u00fczeltilmesini isteme,<\/li><li>KVKK\u2019n\u0131n 7. maddesinde \u00f6ng\u00f6r\u00fclen \u015fartlar \u00e7er\u00e7evesinde ki\u015fisel verilerinizin silinmesini veya yok edilmesini isteme,<\/li><li>Ki\u015fisel verilerinizin d\u00fczeltilmesi, silinmesi veya yok edilmesi halinde bu i\u015flemlerin ki\u015fisel verilerinizin aktar\u0131ld\u0131\u011f\u0131 \u00fc\u00e7\u00fcnc\u00fc ki\u015filere bildirilmesini isteme,<\/li><li>\u0130\u015flenen verilerinizin m\u00fcnhas\u0131ran otomatik sistemler vas\u0131tas\u0131yla analiz edilmesi suretiyle aleyhinize bir sonucun ortaya \u00e7\u0131kmas\u0131na itiraz etme,<\/li><li>Ki\u015fisel verilerinizin kanuna ayk\u0131r\u0131 olarak i\u015flenmesi sebebiyle zarara u\u011framan\u0131z halinde zarar\u0131n giderilmesini talep etme.<\/li><\/ul><p>Ki\u015fisel verilerinize ili\u015fkin haklar\u0131n\u0131z\u0131 kullanmak i\u00e7in, kimli\u011finizi tespit edici belgeler ile birlikte talebinizi i\u00e7eren dilek\u00e7enizi, Kocatepe Mahallesi, \u015eehir Park\u0131 Caddesi No:91, 34045 Bayrampa\u015fa\/\u0130stanbul adresine \u015fahsen elden teslim edebilir, noter kanal\u0131yla veya KVKK taraf\u0131ndan belirlenen di\u011fer y\u00f6ntemlerle g\u00f6nderebilirsiniz.<\/p><p><strong>Gizlilik Politikam\u0131zda De\u011fi\u015fiklikler<\/strong><\/p><p>Essential Towel, gizlilik politikas\u0131nda zaman zaman de\u011fi\u015fiklik yapma hakk\u0131n\u0131 sakl\u0131 tutar. De\u011fi\u015fiklikler web sitemizde yay\u0131nlanacak ve sizlere bildirilecektir. Gizlilik politikam\u0131z\u0131n g\u00fcncel halini web sitemizden takip edebilirsiniz.<\/p><p><strong>\u0130leti\u015fim<\/strong><\/p><p>Gizlilik politikam\u0131z ile ilgili her t\u00fcrl\u00fc soru, g\u00f6r\u00fc\u015f ve \u00f6nerilerinizi bize info@asterionglobal.com adresinden iletebilirsiniz.<\/p>\t\t\t\t\t\t\t\t<\/div>\n\t\t\t\t<\/div>\n\t\t\t\t\t<\/div>\n\t\t\t\t<\/div>\n\t\t\t\t<\/div>\n\t\t","protected":false},"excerpt":{"rendered":"<p>G\u0130ZL\u0130L\u0130K POL\u0130T\u0130KAMIZ Essential Towel olarak, ki\u015fisel verilerinizin g\u00fcvenli\u011fi ve korunmas\u0131 hususuna b\u00fcy\u00fck \u00f6nem vermekteyiz. Bu nedenle, web sitemizi ziyaret etti\u011finizde veya bizimle ileti\u015fime ge\u00e7ti\u011finizde, ki\u015fisel verilerinizin toplanmas\u0131, i\u015flenmesi, kullan\u0131lmas\u0131, aktar\u0131lmas\u0131 ve saklanmas\u0131 konusunda a\u015fa\u011f\u0131da belirtilen hususlar\u0131 kabul etmi\u015f say\u0131lmaktas\u0131n\u0131z. Ki\u015fisel Verilerinizin Toplanmas\u0131 ve \u0130\u015flenmesi Web sitemizi ziyaret etti\u011finizde veya bizimle ileti\u015fime ge\u00e7ti\u011finizde, bize verdi\u011finiz veya [&hellip;]<\/p>\n","protected":false},"author":1,"featured_media":0,"parent":0,"menu_order":0,"comment_status":"closed","ping_status":"closed","template":"","meta":{"footnotes":""},"class_list":["post-518","page","type-page","status-publish","hentry"],"_links":{"self":[{"href":"https:\/\/asterionglobal.com\/index.php?rest_route=\/wp\/v2\/pages\/518","targetHints":{"allow":["GET"]}}],"collection":[{"href":"https:\/\/asterionglobal.com\/index.php?rest_route=\/wp\/v2\/pages"}],"about":[{"href":"https:\/\/asterionglobal.com\/index.php?rest_route=\/wp\/v2\/types\/page"}],"author":[{"embeddable":true,"href":"https:\/\/asterionglobal.com\/index.php?rest_route=\/wp\/v2\/users\/1"}],"replies":[{"embeddable":true,"href":"https:\/\/asterionglobal.com\/index.php?rest_route=%2Fwp%2Fv2%2Fcomments&post=518"}],"version-history":[{"count":3,"href":"https:\/\/asterionglobal.com\/index.php?rest_route=\/wp\/v2\/pages\/518\/revisions"}],"predecessor-version":[{"id":521,"href":"https:\/\/asterionglobal.com\/index.php?rest_route=\/wp\/v2\/pages\/518\/revisions\/521"}],"wp:attachment":[{"href":"https:\/\/asterionglobal.com\/index.php?rest_route=%2Fwp%2Fv2%2Fmedia&parent=518"}],"curies":[{"name":"wp","href":"https:\/\/api.w.org\/{rel}","templated":true}]}}